{"id":135,"date":"2019-04-23T16:15:23","date_gmt":"2019-04-23T14:15:23","guid":{"rendered":"https:\/\/hotellsyfabriken.se\/?page_id=135"},"modified":"2019-09-05T15:19:55","modified_gmt":"2019-09-05T13:19:55","slug":"handikapprum","status":"publish","type":"page","link":"https:\/\/www.hotellsyfabriken.se\/en\/handikapprum\/","title":{"rendered":"Handikapprum"},"content":{"rendered":"<p><div class=\"fusion-fullwidth fullwidth-box fusion-builder-row-1 nonhundred-percent-fullwidth non-hundred-percent-height-scrolling\" style=\"background-color: rgba(255,255,255,0);background-position: center center;background-repeat: no-repeat;padding-top:0px;padding-right:0px;padding-bottom:0px;padding-left:0px;margin-bottom: 0px;margin-top: 0px;border-width: 0px 0px 0px 0px;border-color:#eae9e9;border-style:solid;\" ><div class=\"fusion-builder-row fusion-row\"><div class=\"fusion-layout-column fusion_builder_column fusion-builder-column-0 fusion_builder_column_3_4 3_4 fusion-three-fourth fusion-column-first\" style=\"width:75%;width:calc(75% - ( ( 4% ) * 0.75 ) );margin-right: 4%;margin-top:0px;margin-bottom:20px;\"><div class=\"fusion-column-wrapper fusion-flex-column-wrapper-legacy\" style=\"background-position:left top;background-repeat:no-repeat;-webkit-background-size:cover;-moz-background-size:cover;-o-background-size:cover;background-size:cover;padding: 0px 0px 0px 0px;\"><span class=\"fusion-imageframe imageframe-none imageframe-1 hover-type-zoomin\"><a href=\"https:\/\/www.hotellsyfabriken.se\/en\/wp-content\/uploads\/2019\/09\/IMG_1855-HDR-1200x800.jpg\/\" class=\"fusion-lightbox\" data-rel=\"iLightbox[5beaa459bf81d656faa]\"><img width=\"1200\" height=\"800\" src=\"https:\/\/hotellsyfabriken.se\/wp-content\/uploads\/2019\/09\/IMG_1855-HDR-1200x800.jpg\" class=\"img-responsive wp-image-221\" srcset=\"\/content\/uploads\/2019\/09\/IMG_1855-HDR-200x133.jpg 200w, \/content\/uploads\/2019\/09\/IMG_1855-HDR-400x267.jpg 400w, \/content\/uploads\/2019\/09\/IMG_1855-HDR-600x400.jpg 600w, \/content\/uploads\/2019\/09\/IMG_1855-HDR-800x533.jpg 800w, \/content\/uploads\/2019\/09\/IMG_1855-HDR-1200x800.jpg 1200w, \/content\/uploads\/2019\/09\/IMG_1855-HDR.jpg 5000w\" sizes=\"(max-width: 800px) 100vw, 800px\" \/><\/a><\/span><div class=\"fusion-clearfix\"><\/div><\/div><\/div><div class=\"fusion-layout-column fusion_builder_column fusion-builder-column-1 fusion_builder_column_1_4 1_4 fusion-one-fourth fusion-column-last\" style=\"width:25%;width:calc(25% - ( ( 4% ) * 0.25 ) );margin-top:0px;margin-bottom:20px;\"><div class=\"fusion-column-wrapper fusion-flex-column-wrapper-legacy\" style=\"background-position:left top;background-repeat:no-repeat;-webkit-background-size:cover;-moz-background-size:cover;-o-background-size:cover;background-size:cover;padding: 0px 0px 0px 0px;\"><div class=\"fusion-text fusion-text-1\"><h1 style=\"text-align: left;\">Handikapprum<\/h1>\n<\/div><ul class=\"fusion-checklist fusion-checklist-1\" style=\"font-size:14px;line-height:23.8px;\"><li class=\"fusion-li-item\"><span style=\"background-color:rgba(160,206,78,0);font-size:12.32px;height:23.8px;width:23.8px;margin-right:9.8px;\" class=\"icon-wrapper circle-yes\"><i class=\"fusion-li-icon fa-bed fas\" style=\"color:rgba(255,153,0,0.59);\" aria-hidden=\"true\"><\/i><\/span><div class=\"fusion-li-item-content\" style=\"margin-left:33.6px;\">\n<p>Double bed<\/p>\n<\/div><\/li><li class=\"fusion-li-item\"><span style=\"background-color:rgba(160,206,78,0);font-size:12.32px;height:23.8px;width:23.8px;margin-right:9.8px;\" class=\"icon-wrapper circle-yes\"><i class=\"fusion-li-icon fa-chrome fab\" style=\"color:rgba(255,153,0,0.59);\" aria-hidden=\"true\"><\/i><\/span><div class=\"fusion-li-item-content\" style=\"margin-left:33.6px;\">\n<p>Chromecast<\/p>\n<\/div><\/li><li class=\"fusion-li-item\"><span style=\"background-color:rgba(160,206,78,0);font-size:12.32px;height:23.8px;width:23.8px;margin-right:9.8px;\" class=\"icon-wrapper circle-yes\"><i class=\"fusion-li-icon fa-wifi fas\" style=\"color:rgba(255,153,0,0.59);\" aria-hidden=\"true\"><\/i><\/span><div class=\"fusion-li-item-content\" style=\"margin-left:33.6px;\">\n<p>Free Wifi<\/p>\n<\/div><\/li><li class=\"fusion-li-item\"><span style=\"background-color:rgba(160,206,78,0);font-size:12.32px;height:23.8px;width:23.8px;margin-right:9.8px;\" class=\"icon-wrapper circle-yes\"><i class=\"fusion-li-icon fa-coffee fas\" style=\"color:rgba(255,153,0,0.59);\" aria-hidden=\"true\"><\/i><\/span><div class=\"fusion-li-item-content\" style=\"margin-left:33.6px;\">\n<p>Breakfast<\/p>\n<\/div><\/li><li class=\"fusion-li-item\"><span style=\"background-color:rgba(160,206,78,0);font-size:12.32px;height:23.8px;width:23.8px;margin-right:9.8px;\" class=\"icon-wrapper circle-yes\"><i class=\"fusion-li-icon fa-parking fas\" style=\"color:rgba(255,153,0,0.59);\" aria-hidden=\"true\"><\/i><\/span><div class=\"fusion-li-item-content\" style=\"margin-left:33.6px;\">\n<p>Free parking<\/p>\n<\/div><\/li><li class=\"fusion-li-item\"><span style=\"background-color:rgba(160,206,78,0);font-size:12.32px;height:23.8px;width:23.8px;margin-right:9.8px;\" class=\"icon-wrapper circle-yes\"><i class=\"fusion-li-icon fa-toilet fas\" style=\"color:rgba(255,153,0,0.59);\" aria-hidden=\"true\"><\/i><\/span><div class=\"fusion-li-item-content\" style=\"margin-left:33.6px;\">\n<p>Extra stor toalett<\/p>\n<\/div><\/li><\/ul><div class=\"fusion-clearfix\"><\/div><\/div><\/div><\/div><\/div><div class=\"fusion-fullwidth fullwidth-box fusion-builder-row-2 nonhundred-percent-fullwidth non-hundred-percent-height-scrolling\" style=\"background-color: rgba(255,255,255,0);background-position: center center;background-repeat: no-repeat;padding-top:0px;padding-right:0px;padding-bottom:0px;padding-left:0px;margin-bottom: 0px;margin-top: 0px;border-width: 0px 0px 0px 0px;border-color:#eae9e9;border-style:solid;\" ><div class=\"fusion-builder-row fusion-row\"><div class=\"fusion-layout-column fusion_builder_column fusion-builder-column-2 fusion_builder_column_3_4 3_4 fusion-three-fourth fusion-column-first\" style=\"width:75%;width:calc(75% - ( ( 4% ) * 0.75 ) );margin-right: 4%;margin-top:0px;margin-bottom:20px;\"><div class=\"fusion-column-wrapper fusion-flex-column-wrapper-legacy\" style=\"background-position:left top;background-repeat:no-repeat;-webkit-background-size:cover;-moz-background-size:cover;-o-background-size:cover;background-size:cover;padding: 0px 0px 0px 0px;\"><div class=\"fusion-image-carousel fusion-image-carousel-auto lightbox-enabled fusion-carousel-border\"><div class=\"fusion-carousel\" data-autoplay=\"yes\" data-columns=\"3\" data-itemmargin=\"0\" data-itemwidth=\"180\" data-touchscroll=\"no\" data-imagesize=\"auto\"><div class=\"fusion-carousel-positioner\"><ul class=\"fusion-carousel-holder\"><li class=\"fusion-carousel-item\"><div class=\"fusion-carousel-item-wrapper\"><div class=\"fusion-image-wrapper hover-type-zoomin\"><a data-rel=\"iLightbox[image_carousel_1]\" href=\"https:\/\/www.hotellsyfabriken.se\/en\/wp-content\/uploads\/2019\/09\/IMG_1829-HDR-1024x683.jpg\/\" target=\"_self\"><img width=\"5000\" height=\"3333\" src=\"\/content\/uploads\/2019\/09\/IMG_1829-HDR.jpg\" class=\"attachment-full size-full\" alt=\"\" srcset=\"\/content\/uploads\/2019\/09\/IMG_1829-HDR-200x133.jpg 200w, \/content\/uploads\/2019\/09\/IMG_1829-HDR-400x267.jpg 400w, \/content\/uploads\/2019\/09\/IMG_1829-HDR-600x400.jpg 600w, \/content\/uploads\/2019\/09\/IMG_1829-HDR-800x533.jpg 800w, \/content\/uploads\/2019\/09\/IMG_1829-HDR-1200x800.jpg 1200w, \/content\/uploads\/2019\/09\/IMG_1829-HDR.jpg 5000w\" sizes=\"(min-width: 2200px) 100vw, (min-width: 784px) 367px, (min-width: 712px) 550px, (min-width: 640px) 712px, \" \/><\/a><\/div><\/div><\/li><li class=\"fusion-carousel-item\"><div class=\"fusion-carousel-item-wrapper\"><div class=\"fusion-image-wrapper hover-type-zoomin\"><a data-rel=\"iLightbox[image_carousel_1]\" href=\"https:\/\/www.hotellsyfabriken.se\/en\/wp-content\/uploads\/2019\/09\/IMG_1846-HDR-1024x683.jpg\/\" target=\"_self\"><img width=\"5000\" height=\"3333\" src=\"\/content\/uploads\/2019\/09\/IMG_1846-HDR.jpg\" class=\"attachment-full size-full\" alt=\"\" srcset=\"\/content\/uploads\/2019\/09\/IMG_1846-HDR-200x133.jpg 200w, \/content\/uploads\/2019\/09\/IMG_1846-HDR-400x267.jpg 400w, \/content\/uploads\/2019\/09\/IMG_1846-HDR-600x400.jpg 600w, \/content\/uploads\/2019\/09\/IMG_1846-HDR-800x533.jpg 800w, \/content\/uploads\/2019\/09\/IMG_1846-HDR-1200x800.jpg 1200w, \/content\/uploads\/2019\/09\/IMG_1846-HDR.jpg 5000w\" sizes=\"(min-width: 2200px) 100vw, (min-width: 784px) 367px, (min-width: 712px) 550px, (min-width: 640px) 712px, \" \/><\/a><\/div><\/div><\/li><li class=\"fusion-carousel-item\"><div class=\"fusion-carousel-item-wrapper\"><div class=\"fusion-image-wrapper hover-type-zoomin\"><a data-rel=\"iLightbox[image_carousel_1]\" href=\"https:\/\/www.hotellsyfabriken.se\/en\/wp-content\/uploads\/2019\/09\/IMG_1998-HDR-1024x683.jpg\/\" target=\"_self\"><img width=\"5000\" height=\"3333\" src=\"\/content\/uploads\/2019\/09\/IMG_1998-HDR.jpg\" class=\"attachment-full size-full\" alt=\"\" srcset=\"\/content\/uploads\/2019\/09\/IMG_1998-HDR-200x133.jpg 200w, \/content\/uploads\/2019\/09\/IMG_1998-HDR-400x267.jpg 400w, \/content\/uploads\/2019\/09\/IMG_1998-HDR-600x400.jpg 600w, \/content\/uploads\/2019\/09\/IMG_1998-HDR-800x533.jpg 800w, \/content\/uploads\/2019\/09\/IMG_1998-HDR-1200x800.jpg 1200w, \/content\/uploads\/2019\/09\/IMG_1998-HDR.jpg 5000w\" sizes=\"(min-width: 2200px) 100vw, (min-width: 784px) 367px, (min-width: 712px) 550px, (min-width: 640px) 712px, \" \/><\/a><\/div><\/div><\/li><\/ul><\/div><\/div><\/div><div class=\"fusion-text fusion-text-2\"><h2>18 Kvm<\/h2>\n<\/div><div class=\"fusion-text fusion-text-3\"><h3>I v\u00e5ra v\u00e4l genomt\u00e4nkta rum kan du slappna av till harmoniska och lugna f\u00e4rger.<\/h3>\n<\/div><div class=\"fusion-sep-clear\"><\/div><div class=\"fusion-separator fusion-full-width-sep\" style=\"margin-left: auto;margin-right: auto;margin-top:20px;margin-bottom:20px;width:100%;\"><div class=\"fusion-separator-border sep-double\" style=\"border-color:#e0dede;border-top-width:0px;border-bottom-width:0px;\"><\/div><\/div><div class=\"fusion-sep-clear\"><\/div><script async src=\"https:\/\/reservation.booking.expert\/embed\/calendar.js?h=chhaiee\" data-booking-calendar><\/script><div class=\"fusion-text fusion-text-4\"><h3>Make sure to fill in the right amount of guests when making your reservation<\/h3>\n<\/div><div class=\"fusion-clearfix\"><\/div><\/div><\/div><\/div><\/div><div class=\"fusion-fullwidth fullwidth-box fusion-builder-row-3 nonhundred-percent-fullwidth non-hundred-percent-height-scrolling\" style=\"background-color: rgba(255,255,255,0);background-position: center center;background-repeat: no-repeat;padding-top:0px;padding-right:0px;padding-bottom:0px;padding-left:0px;margin-bottom: 0px;margin-top: 0px;border-width: 0px 0px 0px 0px;border-color:#eae9e9;border-style:solid;\" ><div class=\"fusion-builder-row fusion-row\"><div class=\"fusion-layout-column fusion_builder_column fusion-builder-column-3 fusion_builder_column_1_4 1_4 fusion-one-fourth fusion-column-first\" style=\"width:25%;width:calc(25% - ( ( 4% + 4% + 4% ) * 0.25 ) );margin-right: 4%;margin-top:0px;margin-bottom:20px;\"><div class=\"fusion-column-wrapper fusion-flex-column-wrapper-legacy\" style=\"background-position:left top;background-repeat:no-repeat;-webkit-background-size:cover;-moz-background-size:cover;-o-background-size:cover;background-size:cover;padding: 0px 0px 0px 0px;\"><div class=\"fusion-sep-clear\"><\/div><div class=\"fusion-separator fusion-full-width-sep\" style=\"margin-left: auto;margin-right: auto;margin-top:20px;margin-bottom:20px;width:100%;\"><div class=\"fusion-separator-border sep-double\" style=\"border-color:#e0dede;border-top-width:1px;border-bottom-width:1px;\"><\/div><\/div><div class=\"fusion-sep-clear\"><\/div><script type=\"text\/javascript\">jQuery(function() { _initLayerSlider( '#layerslider_5_84cq20vzlb6p', {createdWith: '6.8.2', sliderVersion: '6.8.2', skin: 'v6', showCircleTimer: false, skinsPath: '\/content\/plugins\/LayerSlider\/assets\/static\/layerslider\/skins\/'}); });<\/script><div id=\"layerslider_5_84cq20vzlb6p\" class=\"ls-wp-container fitvidsignore\" style=\"width:500px;height:620px;margin:0 auto;margin-bottom: 0px;\"><div class=\"ls-slide\" data-ls=\"kenburnsscale:1.2;\"><a style=\"\" class=\"ls-l\" href=\"https:\/\/www.hotellsyfabriken.se\/en\/enkelrum\/\" target=\"_self\"><img width=\"5000\" height=\"3333\" src=\"\/content\/uploads\/2019\/09\/IMG_1950-HDR.jpg\" class=\"\" alt=\"\" srcset=\"\/content\/uploads\/2019\/09\/IMG_1950-HDR-200x133.jpg 200w, \/content\/uploads\/2019\/09\/IMG_1950-HDR-300x200.jpg 300w, \/content\/uploads\/2019\/09\/IMG_1950-HDR-400x267.jpg 400w, \/content\/uploads\/2019\/09\/IMG_1950-HDR-600x400.jpg 600w, \/content\/uploads\/2019\/09\/IMG_1950-HDR-768x512.jpg 768w, \/content\/uploads\/2019\/09\/IMG_1950-HDR-800x533.jpg 800w, \/content\/uploads\/2019\/09\/IMG_1950-HDR-1024x683.jpg 1024w, \/content\/uploads\/2019\/09\/IMG_1950-HDR-1200x800.jpg 1200w, \/content\/uploads\/2019\/09\/IMG_1950-HDR.jpg 5000w\" sizes=\"(max-width: 5000px) 100vw, 5000px\" style=\"top:0px;left:0px;width:500px;height:323px;\"><\/a><a style=\"\" class=\"ls-l\" href=\"https:\/\/www.hotellsyfabriken.se\/en\/enkelrum\/\" target=\"_self\"><img width=\"400\" height=\"500\" src=\"\/content\/uploads\/2019\/04\/Rum-ruta-vit.png\" class=\"\" alt=\"\" srcset=\"\/content\/uploads\/2019\/04\/Rum-ruta-vit-200x250.png 200w, \/content\/uploads\/2019\/04\/Rum-ruta-vit-240x300.png 240w, \/content\/uploads\/2019\/04\/Rum-ruta-vit.png 400w\" sizes=\"(max-width: 400px) 100vw, 400px\" style=\"top:279px;left:39px;width:421px;height:307px;\"><\/a><a style=\"\" class=\"ls-l\" href=\"https:\/\/www.hotellsyfabriken.se\/en\/enkelrum\/\" target=\"_self\"><p style=\"top:401px;left:133px;font-size:52px;font-family:Georgia;\" class=\"\">Superior single<\/p><\/a><\/div><\/div><div class=\"fusion-clearfix\"><\/div><\/div><\/div><div class=\"fusion-layout-column fusion_builder_column fusion-builder-column-4 fusion_builder_column_1_4 1_4 fusion-one-fourth\" style=\"width:25%;width:calc(25% - ( ( 4% + 4% + 4% ) * 0.25 ) );margin-right: 4%;margin-top:0px;margin-bottom:20px;\"><div class=\"fusion-column-wrapper fusion-flex-column-wrapper-legacy\" style=\"background-position:left top;background-repeat:no-repeat;-webkit-background-size:cover;-moz-background-size:cover;-o-background-size:cover;background-size:cover;padding: 0px 0px 0px 0px;\"><div class=\"fusion-sep-clear\"><\/div><div class=\"fusion-separator fusion-full-width-sep\" style=\"margin-left: auto;margin-right: auto;margin-top:20px;margin-bottom:20px;width:100%;\"><div class=\"fusion-separator-border sep-double\" style=\"border-color:#e0dede;border-top-width:1px;border-bottom-width:1px;\"><\/div><\/div><div class=\"fusion-sep-clear\"><\/div><script type=\"text\/javascript\">jQuery(function() { _initLayerSlider( '#layerslider_4_k6j93woowfa4', {createdWith: '6.8.2', sliderVersion: '6.8.2', skin: 'v6', showCircleTimer: false, skinsPath: '\/content\/plugins\/LayerSlider\/assets\/static\/layerslider\/skins\/'}); });<\/script><div id=\"layerslider_4_k6j93woowfa4\" class=\"ls-wp-container fitvidsignore\" style=\"width:500px;height:620px;margin:0 auto;margin-bottom: 0px;\"><div class=\"ls-slide\" data-ls=\"kenburnsscale:1.2;\"><a style=\"\" class=\"ls-l\" href=\"https:\/\/www.hotellsyfabriken.se\/en\/dubbelrum\/\" target=\"_self\"><img width=\"5000\" height=\"3333\" src=\"\/content\/uploads\/2019\/09\/IMG_1855-HDR.jpg\" class=\"\" alt=\"\" srcset=\"\/content\/uploads\/2019\/09\/IMG_1855-HDR-200x133.jpg 200w, \/content\/uploads\/2019\/09\/IMG_1855-HDR-300x200.jpg 300w, \/content\/uploads\/2019\/09\/IMG_1855-HDR-400x267.jpg 400w, \/content\/uploads\/2019\/09\/IMG_1855-HDR-600x400.jpg 600w, \/content\/uploads\/2019\/09\/IMG_1855-HDR-768x512.jpg 768w, \/content\/uploads\/2019\/09\/IMG_1855-HDR-800x533.jpg 800w, \/content\/uploads\/2019\/09\/IMG_1855-HDR-1024x683.jpg 1024w, \/content\/uploads\/2019\/09\/IMG_1855-HDR-1200x800.jpg 1200w, \/content\/uploads\/2019\/09\/IMG_1855-HDR.jpg 5000w\" sizes=\"(max-width: 5000px) 100vw, 5000px\" style=\"top:0px;left:0px;width:500px;height:323px;\"><\/a><a style=\"\" class=\"ls-l\" href=\"https:\/\/www.hotellsyfabriken.se\/en\/dubbelrum\/\" target=\"_self\"><img width=\"400\" height=\"500\" src=\"\/content\/uploads\/2019\/04\/Rum-ruta-vit.png\" class=\"\" alt=\"\" srcset=\"\/content\/uploads\/2019\/04\/Rum-ruta-vit-200x250.png 200w, \/content\/uploads\/2019\/04\/Rum-ruta-vit-240x300.png 240w, \/content\/uploads\/2019\/04\/Rum-ruta-vit.png 400w\" sizes=\"(max-width: 400px) 100vw, 400px\" style=\"top:279px;left:39px;width:421px;height:307px;\"><\/a><a style=\"\" class=\"ls-l\" href=\"https:\/\/www.hotellsyfabriken.se\/en\/dubbelrum\/\" target=\"_self\"><p style=\"top:403px;left:118px;font-size:52px;font-family:Georgia;\" class=\"\">Superior double<\/p><\/a><\/div><\/div><div class=\"fusion-clearfix\"><\/div><\/div><\/div><div class=\"fusion-layout-column fusion_builder_column fusion-builder-column-5 fusion_builder_column_1_4 1_4 fusion-one-fourth\" style=\"width:25%;width:calc(25% - ( ( 4% + 4% + 4% ) * 0.25 ) );margin-right: 4%;margin-top:0px;margin-bottom:20px;\"><div class=\"fusion-column-wrapper fusion-flex-column-wrapper-legacy\" style=\"background-position:left top;background-repeat:no-repeat;-webkit-background-size:cover;-moz-background-size:cover;-o-background-size:cover;background-size:cover;padding: 0px 0px 0px 0px;\"><div class=\"fusion-sep-clear\"><\/div><div class=\"fusion-separator fusion-full-width-sep\" style=\"margin-left: auto;margin-right: auto;margin-top:20px;margin-bottom:20px;width:100%;\"><div class=\"fusion-separator-border sep-double\" style=\"border-color:#e0dede;border-top-width:1px;border-bottom-width:1px;\"><\/div><\/div><div class=\"fusion-sep-clear\"><\/div><script type=\"text\/javascript\">jQuery(function() { _initLayerSlider( '#layerslider_6_15fyqj0e6jmnf', {createdWith: '6.8.2', sliderVersion: '6.8.2', skin: 'v6', showCircleTimer: false, skinsPath: '\/content\/plugins\/LayerSlider\/assets\/static\/layerslider\/skins\/'}); });<\/script><div id=\"layerslider_6_15fyqj0e6jmnf\" class=\"ls-wp-container fitvidsignore\" style=\"width:500px;height:620px;margin:0 auto;margin-bottom: 0px;\"><div class=\"ls-slide\" data-ls=\"kenburnsscale:1.2;\"><a style=\"\" class=\"ls-l\" href=\"https:\/\/www.hotellsyfabriken.se\/en\/familjerum\/\" target=\"_self\"><img width=\"1000\" height=\"700\" src=\"\/content\/uploads\/2019\/09\/Familjerum.png\" class=\"\" alt=\"\" srcset=\"\/content\/uploads\/2019\/09\/Familjerum-200x140.png 200w, \/content\/uploads\/2019\/09\/Familjerum-300x210.png 300w, \/content\/uploads\/2019\/09\/Familjerum-400x280.png 400w, \/content\/uploads\/2019\/09\/Familjerum-600x420.png 600w, \/content\/uploads\/2019\/09\/Familjerum-768x538.png 768w, \/content\/uploads\/2019\/09\/Familjerum-800x560.png 800w, \/content\/uploads\/2019\/09\/Familjerum.png 1000w\" sizes=\"(max-width: 1000px) 100vw, 1000px\" style=\"top:-43px;left:-62px;width:562px;height:363px;font-size:13px;line-height:falsepx;\"><\/a><a style=\"\" class=\"ls-l\" href=\"https:\/\/www.hotellsyfabriken.se\/en\/familjerum\/\" target=\"_self\"><img width=\"400\" height=\"500\" src=\"\/content\/uploads\/2019\/04\/Rum-ruta-vit.png\" class=\"\" alt=\"\" srcset=\"\/content\/uploads\/2019\/04\/Rum-ruta-vit-200x250.png 200w, \/content\/uploads\/2019\/04\/Rum-ruta-vit-240x300.png 240w, \/content\/uploads\/2019\/04\/Rum-ruta-vit.png 400w\" sizes=\"(max-width: 400px) 100vw, 400px\" style=\"top:279px;left:39px;width:421px;height:307px;\"><\/a><a style=\"\" class=\"ls-l\" href=\"https:\/\/www.hotellsyfabriken.se\/en\/familjerum\/\" target=\"_self\"><p style=\"top:401px;left:115px;font-size:52px;font-family:Georgia;\" class=\"\">Deluxe suite<\/p><\/a><\/div><\/div><div class=\"fusion-clearfix\"><\/div><\/div><\/div><div class=\"fusion-layout-column fusion_builder_column fusion-builder-column-6 fusion_builder_column_1_4 1_4 fusion-one-fourth fusion-column-last\" style=\"width:25%;width:calc(25% - ( ( 4% + 4% + 4% ) * 0.25 ) );margin-top:0px;margin-bottom:20px;\"><div class=\"fusion-column-wrapper fusion-flex-column-wrapper-legacy\" style=\"background-position:left top;background-repeat:no-repeat;-webkit-background-size:cover;-moz-background-size:cover;-o-background-size:cover;background-size:cover;padding: 0px 0px 0px 0px;\"><div class=\"fusion-sep-clear\"><\/div><div class=\"fusion-separator fusion-full-width-sep\" style=\"margin-left: auto;margin-right: auto;margin-top:20px;margin-bottom:20px;width:100%;\"><div class=\"fusion-separator-border sep-double\" style=\"border-color:#e0dede;border-top-width:1px;border-bottom-width:1px;\"><\/div><\/div><div class=\"fusion-sep-clear\"><\/div><script type=\"text\/javascript\">jQuery(function() { _initLayerSlider( '#layerslider_7_1ehslbdkpyc3n', {createdWith: '6.8.2', sliderVersion: '6.8.2', skin: 'v6', showCircleTimer: false, skinsPath: '\/content\/plugins\/LayerSlider\/assets\/static\/layerslider\/skins\/'}); });<\/script><div id=\"layerslider_7_1ehslbdkpyc3n\" class=\"ls-wp-container fitvidsignore\" style=\"width:500px;height:620px;margin:0 auto;margin-bottom: 0px;\"><div class=\"ls-slide\" data-ls=\"kenburnsscale:1.2;\"><a style=\"\" class=\"ls-l\" href=\"https:\/\/www.hotellsyfabriken.se\/en\/hundrum\/\" target=\"_self\"><img width=\"1000\" height=\"700\" src=\"\/content\/uploads\/2019\/09\/hund.png\" class=\"\" alt=\"\" srcset=\"\/content\/uploads\/2019\/09\/hund-200x140.png 200w, \/content\/uploads\/2019\/09\/hund-300x210.png 300w, \/content\/uploads\/2019\/09\/hund-400x280.png 400w, \/content\/uploads\/2019\/09\/hund-600x420.png 600w, \/content\/uploads\/2019\/09\/hund-768x538.png 768w, \/content\/uploads\/2019\/09\/hund-800x560.png 800w, \/content\/uploads\/2019\/09\/hund.png 1000w\" sizes=\"(max-width: 1000px) 100vw, 1000px\" style=\"top:0px;left:0px;width:500px;height:323px;\"><\/a><a style=\"\" class=\"ls-l\" href=\"https:\/\/www.hotellsyfabriken.se\/en\/hundrum\/\" target=\"_self\"><img width=\"400\" height=\"500\" src=\"\/content\/uploads\/2019\/04\/Rum-ruta-vit.png\" class=\"\" alt=\"\" srcset=\"\/content\/uploads\/2019\/04\/Rum-ruta-vit-200x250.png 200w, \/content\/uploads\/2019\/04\/Rum-ruta-vit-240x300.png 240w, \/content\/uploads\/2019\/04\/Rum-ruta-vit.png 400w\" sizes=\"(max-width: 400px) 100vw, 400px\" style=\"top:279px;left:39px;width:421px;height:307px;\"><\/a><a style=\"\" class=\"ls-l\" href=\"https:\/\/www.hotellsyfabriken.se\/en\/hundrum\/\" target=\"_self\"><p style=\"top:408px;left:139px;font-size:51px;font-family:Georgia;\" class=\"\">Dog friendly rooms<\/p><\/a><\/div><\/div><div class=\"fusion-clearfix\"><\/div><\/div><\/div><\/div><\/div><\/p>","protected":false},"excerpt":{"rendered":"","protected":false},"author":3,"featured_media":0,"parent":0,"menu_order":0,"comment_status":"closed","ping_status":"closed","template":"","meta":[],"yoast_head":"<!-- This site is optimized with the Yoast SEO plugin v15.7 - https:\/\/yoast.com\/wordpress\/plugins\/seo\/ -->\n<title>Handikapprum - Hotell Syfabriken<\/title>\n<meta name=\"robots\" content=\"index, follow, max-snippet:-1, max-image-preview:large, max-video-preview:-1\" \/>\n<link rel=\"canonical\" href=\"https:\/\/www.hotellsyfabriken.se\/en\/handikapprum\/\" \/>\n<meta property=\"og:locale\" content=\"en_GB\" \/>\n<meta property=\"og:type\" content=\"article\" \/>\n<meta property=\"og:title\" content=\"Handikapprum - Hotell Syfabriken\" \/>\n<meta property=\"og:url\" content=\"https:\/\/www.hotellsyfabriken.se\/en\/handikapprum\/\" \/>\n<meta property=\"og:site_name\" content=\"Hotell Syfabriken\" \/>\n<meta property=\"article:modified_time\" content=\"2019-09-05T13:19:55+00:00\" \/>\n<meta name=\"twitter:card\" content=\"summary_large_image\" \/>\n<meta name=\"twitter:label1\" content=\"Est. reading time\">\n\t<meta name=\"twitter:data1\" content=\"8 minutes\">\n<script type=\"application\/ld+json\" class=\"yoast-schema-graph\">{\"@context\":\"https:\/\/schema.org\",\"@graph\":[{\"@type\":\"WebSite\",\"@id\":\"https:\/\/hotellsyfabriken.se\/en\/#website\",\"url\":\"https:\/\/hotellsyfabriken.se\/en\/\",\"name\":\"Hotell Syfabriken\",\"description\":\"\",\"potentialAction\":[{\"@type\":\"SearchAction\",\"target\":\"https:\/\/hotellsyfabriken.se\/en\/?s={search_term_string}\",\"query-input\":\"required name=search_term_string\"}],\"inLanguage\":\"en-GB\"},{\"@type\":\"WebPage\",\"@id\":\"https:\/\/www.hotellsyfabriken.se\/handikapprum\/#webpage\",\"url\":\"https:\/\/www.hotellsyfabriken.se\/handikapprum\/\",\"name\":\"Handikapprum - Hotell Syfabriken\",\"isPartOf\":{\"@id\":\"https:\/\/hotellsyfabriken.se\/en\/#website\"},\"datePublished\":\"2019-04-23T14:15:23+00:00\",\"dateModified\":\"2019-09-05T13:19:55+00:00\",\"inLanguage\":\"en-GB\",\"potentialAction\":[{\"@type\":\"ReadAction\",\"target\":[\"https:\/\/www.hotellsyfabriken.se\/handikapprum\/\"]}]}]}<\/script>\n<!-- \/ Yoast SEO plugin. -->","_links":{"self":[{"href":"https:\/\/www.hotellsyfabriken.se\/en\/wp-json\/wp\/v2\/pages\/135"}],"collection":[{"href":"https:\/\/www.hotellsyfabriken.se\/en\/wp-json\/wp\/v2\/pages"}],"about":[{"href":"https:\/\/www.hotellsyfabriken.se\/en\/wp-json\/wp\/v2\/types\/page"}],"author":[{"embeddable":true,"href":"https:\/\/www.hotellsyfabriken.se\/en\/wp-json\/wp\/v2\/users\/3"}],"replies":[{"embeddable":true,"href":"https:\/\/www.hotellsyfabriken.se\/en\/wp-json\/wp\/v2\/comments?post=135"}],"version-history":[{"count":8,"href":"https:\/\/www.hotellsyfabriken.se\/en\/wp-json\/wp\/v2\/pages\/135\/revisions"}],"predecessor-version":[{"id":304,"href":"https:\/\/www.hotellsyfabriken.se\/en\/wp-json\/wp\/v2\/pages\/135\/revisions\/304"}],"wp:attachment":[{"href":"https:\/\/www.hotellsyfabriken.se\/en\/wp-json\/wp\/v2\/media?parent=135"}],"curies":[{"name":"wp","href":"https:\/\/api.w.org\/{rel}","templated":true}]}}